{"id":123,"date":"2022-11-22T13:04:39","date_gmt":"2022-11-22T13:04:39","guid":{"rendered":"https:\/\/www.venidi.at\/?page_id=123"},"modified":"2023-08-06T02:20:34","modified_gmt":"2023-08-06T02:20:34","slug":"produkte","status":"publish","type":"page","link":"https:\/\/www.venidi.at\/en\/produkte\/","title":{"rendered":"Products"},"content":{"rendered":"<div class=\"wp-block-cover alignfull is-position-center-center\" style=\"min-height:375px;aspect-ratio:unset;\"><span aria-hidden=\"true\" class=\"wp-block-cover__background has-black-background-color has-background-dim-100 has-background-dim\"><\/span><div class=\"wp-block-cover__inner-container is-layout-flow wp-block-cover-is-layout-flow\">\n<div style=\"height:100px\" aria-hidden=\"true\" class=\"wp-block-spacer\"><\/div>\n\n\n\n<div class=\"wp-block-columns is-layout-flex wp-container-core-columns-is-layout-28f84493 wp-block-columns-is-layout-flex\">\n<div class=\"wp-block-column is-layout-flow wp-block-column-is-layout-flow\">\n<div class=\"wp-block-columns is-layout-flex wp-container-core-columns-is-layout-28f84493 wp-block-columns-is-layout-flex\">\n<div class=\"wp-block-column is-vertically-aligned-center is-layout-flow wp-block-column-is-layout-flow\">\n<figure class=\"wp-block-gallery has-nested-images columns-default is-cropped wp-block-gallery-1 is-layout-flex wp-block-gallery-is-layout-flex\">\n<figure class=\"wp-block-image size-large\"><a href=\"https:\/\/www.venidi.at\/en\/das-7-chakren-armband\/\"><img loading=\"lazy\" decoding=\"async\" width=\"1024\" height=\"683\" data-id=\"381\" src=\"https:\/\/www.venidi.at\/wp-content\/uploads\/2023\/08\/0B3A2065-1024x683.jpg\" alt=\"\" class=\"wp-image-381\" srcset=\"https:\/\/www.venidi.at\/wp-content\/uploads\/2023\/08\/0B3A2065-1024x683.jpg 1024w, https:\/\/www.venidi.at\/wp-content\/uploads\/2023\/08\/0B3A2065-300x200.jpg 300w, https:\/\/www.venidi.at\/wp-content\/uploads\/2023\/08\/0B3A2065-768x512.jpg 768w, https:\/\/www.venidi.at\/wp-content\/uploads\/2023\/08\/0B3A2065-1536x1025.jpg 1536w, https:\/\/www.venidi.at\/wp-content\/uploads\/2023\/08\/0B3A2065.jpg 1920w\" sizes=\"auto, (max-width: 1024px) 100vw, 1024px\" \/><\/a><\/figure>\n<\/figure>\n<\/div>\n\n\n\n<div class=\"wp-block-column is-layout-flow wp-block-column-is-layout-flow\">\n<h2 class=\"wp-block-heading\"><a href=\"https:\/\/www.venidi.at\/en\/das-7-chakren-armband\/\">The 7 Chakra Bracelet<\/a><\/h2>\n\n\n\n<p>In our 7 Chakra Bracelet, we utilize a composition of 7 different crystals, each intricately hand-cut into heart shapes, coming together to unleash their collective power. <\/p>\n\n\n\n<p>We have chosen the following crystals for the composition:<\/p>\n\n\n\n<p>Red Jasper, Red Agate, Tiger's Eye, Green Aventurine, Lapis Lazuli, Fluorite, Clear Quartz<\/p>\n<\/div>\n<\/div>\n<\/div>\n<\/div>\n\n\n\n<div style=\"height:100px\" aria-hidden=\"true\" class=\"wp-block-spacer\"><\/div>\n<\/div><\/div>","protected":false},"excerpt":{"rendered":"","protected":false},"author":1,"featured_media":0,"parent":0,"menu_order":0,"comment_status":"closed","ping_status":"closed","template":"","meta":{"ngg_post_thumbnail":0,"inspiro_hide_title":false,"footnotes":""},"class_list":["post-123","page","type-page","status-publish","hentry"],"yoast_head":"<!-- This site is optimized with the Yoast SEO plugin v27.4 - https:\/\/yoast.com\/product\/yoast-seo-wordpress\/ -->\n<title>Produkte - Venidi<\/title>\n<meta name=\"description\" content=\"Bei unserem 7 Chakren Armband verwenden wir eine Komposition aus 7 verschiedenen Kristallen, welche gemeinsam Ihre Kraft entfalten und dir die perfekte Balance anbieten. Wir haben f\u00fcr die Zusammenstellung ausgew\u00e4hlt:Imperialtopas, Gr\u00fcner Aventurin, Fluorit, Roter Jaspis,Tigerauge, Sodalith und Wei\u00dfer Topas\" \/>\n<meta name=\"robots\" content=\"index, follow, max-snippet:-1, max-image-preview:large, max-video-preview:-1\" \/>\n<link rel=\"canonical\" href=\"https:\/\/www.venidi.at\/en\/produkte\/\" \/>\n<meta property=\"og:locale\" content=\"en_GB\" \/>\n<meta property=\"og:type\" content=\"article\" \/>\n<meta property=\"og:title\" content=\"Produkte - Venidi\" \/>\n<meta property=\"og:description\" content=\"Bei unserem 7 Chakren Armband verwenden wir eine Komposition aus 7 verschiedenen Kristallen, welche gemeinsam Ihre Kraft entfalten und dir die perfekte Balance anbieten. Wir haben f\u00fcr die Zusammenstellung ausgew\u00e4hlt:Imperialtopas, Gr\u00fcner Aventurin, Fluorit, Roter Jaspis,Tigerauge, Sodalith und Wei\u00dfer Topas\" \/>\n<meta property=\"og:url\" content=\"https:\/\/www.venidi.at\/en\/produkte\/\" \/>\n<meta property=\"og:site_name\" content=\"Venidi\" \/>\n<meta property=\"article:modified_time\" content=\"2023-08-06T02:20:34+00:00\" \/>\n<meta property=\"og:image\" content=\"https:\/\/www.venidi.at\/wp-content\/uploads\/2023\/08\/0B3A2065-1024x683.jpg\" \/>\n<meta name=\"twitter:card\" content=\"summary_large_image\" \/>\n<meta name=\"twitter:label1\" content=\"Estimated reading time\" \/>\n\t<meta name=\"twitter:data1\" content=\"1 minute\" \/>\n<script type=\"application\/ld+json\" class=\"yoast-schema-graph\">{\"@context\":\"https:\\\/\\\/schema.org\",\"@graph\":[{\"@type\":\"WebPage\",\"@id\":\"https:\\\/\\\/www.venidi.at\\\/produkte\\\/\",\"url\":\"https:\\\/\\\/www.venidi.at\\\/produkte\\\/\",\"name\":\"Produkte - Venidi\",\"isPartOf\":{\"@id\":\"https:\\\/\\\/www.venidi.at\\\/#website\"},\"primaryImageOfPage\":{\"@id\":\"https:\\\/\\\/www.venidi.at\\\/produkte\\\/#primaryimage\"},\"image\":{\"@id\":\"https:\\\/\\\/www.venidi.at\\\/produkte\\\/#primaryimage\"},\"thumbnailUrl\":\"https:\\\/\\\/www.venidi.at\\\/wp-content\\\/uploads\\\/2023\\\/08\\\/0B3A2065-1024x683.jpg\",\"datePublished\":\"2022-11-22T13:04:39+00:00\",\"dateModified\":\"2023-08-06T02:20:34+00:00\",\"description\":\"Bei unserem 7 Chakren Armband verwenden wir eine Komposition aus 7 verschiedenen Kristallen, welche gemeinsam Ihre Kraft entfalten und dir die perfekte Balance anbieten. Wir haben f\u00fcr die Zusammenstellung ausgew\u00e4hlt:Imperialtopas, Gr\u00fcner Aventurin, Fluorit, Roter Jaspis,Tigerauge, Sodalith und Wei\u00dfer Topas\",\"breadcrumb\":{\"@id\":\"https:\\\/\\\/www.venidi.at\\\/produkte\\\/#breadcrumb\"},\"inLanguage\":\"en-GB\",\"potentialAction\":[{\"@type\":\"ReadAction\",\"target\":[\"https:\\\/\\\/www.venidi.at\\\/produkte\\\/\"]}]},{\"@type\":\"ImageObject\",\"inLanguage\":\"en-GB\",\"@id\":\"https:\\\/\\\/www.venidi.at\\\/produkte\\\/#primaryimage\",\"url\":\"https:\\\/\\\/www.venidi.at\\\/wp-content\\\/uploads\\\/2023\\\/08\\\/0B3A2065-1024x683.jpg\",\"contentUrl\":\"https:\\\/\\\/www.venidi.at\\\/wp-content\\\/uploads\\\/2023\\\/08\\\/0B3A2065-1024x683.jpg\"},{\"@type\":\"BreadcrumbList\",\"@id\":\"https:\\\/\\\/www.venidi.at\\\/produkte\\\/#breadcrumb\",\"itemListElement\":[{\"@type\":\"ListItem\",\"position\":1,\"name\":\"Startseite\",\"item\":\"https:\\\/\\\/www.venidi.at\\\/\"},{\"@type\":\"ListItem\",\"position\":2,\"name\":\"Produkte\"}]},{\"@type\":\"WebSite\",\"@id\":\"https:\\\/\\\/www.venidi.at\\\/#website\",\"url\":\"https:\\\/\\\/www.venidi.at\\\/\",\"name\":\"Venidi\",\"description\":\"crafted with passion\",\"publisher\":{\"@id\":\"https:\\\/\\\/www.venidi.at\\\/#organization\"},\"potentialAction\":[{\"@type\":\"SearchAction\",\"target\":{\"@type\":\"EntryPoint\",\"urlTemplate\":\"https:\\\/\\\/www.venidi.at\\\/?s={search_term_string}\"},\"query-input\":{\"@type\":\"PropertyValueSpecification\",\"valueRequired\":true,\"valueName\":\"search_term_string\"}}],\"inLanguage\":\"en-GB\"},{\"@type\":\"Organization\",\"@id\":\"https:\\\/\\\/www.venidi.at\\\/#organization\",\"name\":\"Venidi\",\"url\":\"https:\\\/\\\/www.venidi.at\\\/\",\"logo\":{\"@type\":\"ImageObject\",\"inLanguage\":\"en-GB\",\"@id\":\"https:\\\/\\\/www.venidi.at\\\/#\\\/schema\\\/logo\\\/image\\\/\",\"url\":\"https:\\\/\\\/www.venidi.at\\\/wp-content\\\/uploads\\\/2022\\\/12\\\/cropped-cropped-venidifferent-gold-1-3-1.png\",\"contentUrl\":\"https:\\\/\\\/www.venidi.at\\\/wp-content\\\/uploads\\\/2022\\\/12\\\/cropped-cropped-venidifferent-gold-1-3-1.png\",\"width\":1080,\"height\":787,\"caption\":\"Venidi\"},\"image\":{\"@id\":\"https:\\\/\\\/www.venidi.at\\\/#\\\/schema\\\/logo\\\/image\\\/\"}}]}<\/script>\n<!-- \/ Yoast SEO plugin. -->","yoast_head_json":{"title":"Produkte - Venidi","description":"Bei unserem 7 Chakren Armband verwenden wir eine Komposition aus 7 verschiedenen Kristallen, welche gemeinsam Ihre Kraft entfalten und dir die perfekte Balance anbieten. Wir haben f\u00fcr die Zusammenstellung ausgew\u00e4hlt:Imperialtopas, Gr\u00fcner Aventurin, Fluorit, Roter Jaspis,Tigerauge, Sodalith und Wei\u00dfer Topas","robots":{"index":"index","follow":"follow","max-snippet":"max-snippet:-1","max-image-preview":"max-image-preview:large","max-video-preview":"max-video-preview:-1"},"canonical":"https:\/\/www.venidi.at\/en\/produkte\/","og_locale":"en_GB","og_type":"article","og_title":"Produkte - Venidi","og_description":"Bei unserem 7 Chakren Armband verwenden wir eine Komposition aus 7 verschiedenen Kristallen, welche gemeinsam Ihre Kraft entfalten und dir die perfekte Balance anbieten. Wir haben f\u00fcr die Zusammenstellung ausgew\u00e4hlt:Imperialtopas, Gr\u00fcner Aventurin, Fluorit, Roter Jaspis,Tigerauge, Sodalith und Wei\u00dfer Topas","og_url":"https:\/\/www.venidi.at\/en\/produkte\/","og_site_name":"Venidi","article_modified_time":"2023-08-06T02:20:34+00:00","og_image":[{"url":"https:\/\/www.venidi.at\/wp-content\/uploads\/2023\/08\/0B3A2065-1024x683.jpg","type":"","width":"","height":""}],"twitter_card":"summary_large_image","twitter_misc":{"Estimated reading time":"1 minute"},"schema":{"@context":"https:\/\/schema.org","@graph":[{"@type":"WebPage","@id":"https:\/\/www.venidi.at\/produkte\/","url":"https:\/\/www.venidi.at\/produkte\/","name":"Produkte - Venidi","isPartOf":{"@id":"https:\/\/www.venidi.at\/#website"},"primaryImageOfPage":{"@id":"https:\/\/www.venidi.at\/produkte\/#primaryimage"},"image":{"@id":"https:\/\/www.venidi.at\/produkte\/#primaryimage"},"thumbnailUrl":"https:\/\/www.venidi.at\/wp-content\/uploads\/2023\/08\/0B3A2065-1024x683.jpg","datePublished":"2022-11-22T13:04:39+00:00","dateModified":"2023-08-06T02:20:34+00:00","description":"Bei unserem 7 Chakren Armband verwenden wir eine Komposition aus 7 verschiedenen Kristallen, welche gemeinsam Ihre Kraft entfalten und dir die perfekte Balance anbieten. Wir haben f\u00fcr die Zusammenstellung ausgew\u00e4hlt:Imperialtopas, Gr\u00fcner Aventurin, Fluorit, Roter Jaspis,Tigerauge, Sodalith und Wei\u00dfer Topas","breadcrumb":{"@id":"https:\/\/www.venidi.at\/produkte\/#breadcrumb"},"inLanguage":"en-GB","potentialAction":[{"@type":"ReadAction","target":["https:\/\/www.venidi.at\/produkte\/"]}]},{"@type":"ImageObject","inLanguage":"en-GB","@id":"https:\/\/www.venidi.at\/produkte\/#primaryimage","url":"https:\/\/www.venidi.at\/wp-content\/uploads\/2023\/08\/0B3A2065-1024x683.jpg","contentUrl":"https:\/\/www.venidi.at\/wp-content\/uploads\/2023\/08\/0B3A2065-1024x683.jpg"},{"@type":"BreadcrumbList","@id":"https:\/\/www.venidi.at\/produkte\/#breadcrumb","itemListElement":[{"@type":"ListItem","position":1,"name":"Startseite","item":"https:\/\/www.venidi.at\/"},{"@type":"ListItem","position":2,"name":"Produkte"}]},{"@type":"WebSite","@id":"https:\/\/www.venidi.at\/#website","url":"https:\/\/www.venidi.at\/","name":"Venidi","description":"crafted with passion","publisher":{"@id":"https:\/\/www.venidi.at\/#organization"},"potentialAction":[{"@type":"SearchAction","target":{"@type":"EntryPoint","urlTemplate":"https:\/\/www.venidi.at\/?s={search_term_string}"},"query-input":{"@type":"PropertyValueSpecification","valueRequired":true,"valueName":"search_term_string"}}],"inLanguage":"en-GB"},{"@type":"Organization","@id":"https:\/\/www.venidi.at\/#organization","name":"Venidi","url":"https:\/\/www.venidi.at\/","logo":{"@type":"ImageObject","inLanguage":"en-GB","@id":"https:\/\/www.venidi.at\/#\/schema\/logo\/image\/","url":"https:\/\/www.venidi.at\/wp-content\/uploads\/2022\/12\/cropped-cropped-venidifferent-gold-1-3-1.png","contentUrl":"https:\/\/www.venidi.at\/wp-content\/uploads\/2022\/12\/cropped-cropped-venidifferent-gold-1-3-1.png","width":1080,"height":787,"caption":"Venidi"},"image":{"@id":"https:\/\/www.venidi.at\/#\/schema\/logo\/image\/"}}]}},"_links":{"self":[{"href":"https:\/\/www.venidi.at\/en\/wp-json\/wp\/v2\/pages\/123","targetHints":{"allow":["GET"]}}],"collection":[{"href":"https:\/\/www.venidi.at\/en\/wp-json\/wp\/v2\/pages"}],"about":[{"href":"https:\/\/www.venidi.at\/en\/wp-json\/wp\/v2\/types\/page"}],"author":[{"embeddable":true,"href":"https:\/\/www.venidi.at\/en\/wp-json\/wp\/v2\/users\/1"}],"replies":[{"embeddable":true,"href":"https:\/\/www.venidi.at\/en\/wp-json\/wp\/v2\/comments?post=123"}],"version-history":[{"count":19,"href":"https:\/\/www.venidi.at\/en\/wp-json\/wp\/v2\/pages\/123\/revisions"}],"predecessor-version":[{"id":414,"href":"https:\/\/www.venidi.at\/en\/wp-json\/wp\/v2\/pages\/123\/revisions\/414"}],"wp:attachment":[{"href":"https:\/\/www.venidi.at\/en\/wp-json\/wp\/v2\/media?parent=123"}],"curies":[{"name":"wp","href":"https:\/\/api.w.org\/{rel}","templated":true}]}}