{"id":64,"date":"2022-11-22T11:50:22","date_gmt":"2022-11-22T11:50:22","guid":{"rendered":"https:\/\/www.venidi.at\/colibri-wp\/"},"modified":"2024-03-01T05:24:57","modified_gmt":"2024-03-01T05:24:57","slug":"venid","status":"publish","type":"page","link":"https:\/\/www.venidi.at\/en\/","title":{"rendered":"Venidi"},"content":{"rendered":"<p>Jewelry as an Expression of Personality: Wear what resonates with you, embody the meanings that matter to you.<br>Intended for both significant and small moments, to brighten your day and bring joy to you and your loved ones.<\/p>\n\n\n\n<p>Every step on this journey has been marked by dedication, passion, and the pursuit of perfection. From designing the bracelets to packaging and the customer experience, our aim has been to offer each customer a piece of a spiritual journey. Our message is simple: Veni, Vidi, Venidi \u2013 We came, we saw, and we invite you to embark on a transformative journey with us.<\/p>\n\n\n\n<div class=\"essb-social-followers-variables essb-fc-grid essb-profiles essb-fc-template-color essb-fc-animation-pulse essb-fc-profile-align-center essb-fc-profile-size-xlarge essb-profiles-iconic\"><div class=\"essb-fc-block essb-fc-network-facebook\"><div class=\"essb-fc-block-icon\"><i class=\"essb-fc-c-facebook\"><svg class=\"essb-svg-icon\" aria-hidden=\"true\" role=\"img\" focusable=\"false\" width=\"32\" height=\"32\" viewbox=\"0 0 32 32\" xmlns=\"http:\/\/www.w3.org\/2000\/svg\"><path d=\"M18.5 32v-14.625h4.875l0.75-5.688h-5.625v-3.625c0-1.625 0.438-2.75 2.813-2.75h3v-5.063c-0.5-0.125-2.313-0.25-4.375-0.25-4.375 0-7.313 2.625-7.313 7.5v4.188h-4.938v5.688h4.938v14.625z\"><\/path><\/svg><\/i><\/div><a href=\"https:\/\/www.facebook.com\/profile.php?id=100088381432761\"  rel=\"noreferrer noopener nofollow\" target=\"_blank\"><\/a><\/div><div class=\"essb-fc-block essb-fc-network-instagram\"><div class=\"essb-fc-block-icon\"><i class=\"essb-fc-c-instagram\"><svg class=\"essb-svg-icon\" aria-hidden=\"true\" role=\"img\" focusable=\"false\" width=\"32\" height=\"32\" viewbox=\"0 0 32 32\" xmlns=\"http:\/\/www.w3.org\/2000\/svg\"><path d=\"M16 2.875c4.313 0 4.75 0.063 6.438 0.125 1.625 0.063 2.438 0.313 3 0.5 0.75 0.313 1.313 0.688 1.813 1.188 0.563 0.563 0.938 1.125 1.188 1.813 0.25 0.625 0.5 1.438 0.563 3 0.063 1.75 0.125 2.188 0.125 6.5s-0.063 4.75-0.125 6.438c-0.063 1.625-0.313 2.438-0.5 3-0.313 0.75-0.688 1.313-1.188 1.813-0.563 0.563-1.125 0.938-1.813 1.188-0.625 0.25-1.438 0.5-3 0.563-1.75 0.063-2.188 0.125-6.5 0.125s-4.75-0.063-6.438-0.125c-1.625-0.063-2.438-0.313-3-0.5-0.75-0.313-1.313-0.688-1.813-1.188-0.563-0.563-0.938-1.125-1.188-1.813-0.25-0.625-0.5-1.438-0.563-3-0.063-1.75-0.125-2.188-0.125-6.5s0.063-4.75 0.125-6.438c0.063-1.625 0.313-2.438 0.5-3 0.313-0.75 0.688-1.313 1.188-1.813 0.563-0.563 1.125-0.938 1.813-1.188 0.625-0.25 1.438-0.5 3-0.563 1.75-0.063 2.188-0.125 6.5-0.125M16 0c-4.375 0-4.875 0.063-6.563 0.125-1.75 0.063-2.938 0.313-3.875 0.688-1.063 0.438-2 1-2.875 1.875s-1.438 1.813-1.875 2.875c-0.375 1-0.625 2.125-0.688 3.875-0.063 1.688-0.125 2.188-0.125 6.563s0.063 4.875 0.125 6.563c0.063 1.75 0.313 2.938 0.688 3.875 0.438 1.063 1 2 1.875 2.875s1.813 1.438 2.875 1.875c1 0.375 2.125 0.625 3.875 0.688 1.688 0.063 2.188 0.125 6.563 0.125s4.875-0.063 6.563-0.125c1.75-0.063 2.938-0.313 3.875-0.688 1.063-0.438 2-1 2.875-1.875s1.438-1.813 1.875-2.875c0.375-1 0.625-2.125 0.688-3.875 0.063-1.688 0.125-2.188 0.125-6.563s-0.063-4.875-0.125-6.563c-0.063-1.75-0.313-2.938-0.688-3.875-0.438-1.063-1-2-1.875-2.875s-1.813-1.438-2.875-1.875c-1-0.375-2.125-0.625-3.875-0.688-1.688-0.063-2.188-0.125-6.563-0.125zM16 7.75c-4.563 0-8.25 3.688-8.25 8.25s3.688 8.25 8.25 8.25c4.563 0 8.25-3.688 8.25-8.25s-3.688-8.25-8.25-8.25zM16 21.375c-2.938 0-5.375-2.438-5.375-5.375s2.438-5.375 5.375-5.375c2.938 0 5.375 2.438 5.375 5.375s-2.438 5.375-5.375 5.375zM26.438 7.438c0 1.063-0.813 1.938-1.875 1.938s-1.938-0.875-1.938-1.938c0-1.063 0.875-1.875 1.938-1.875s1.875 0.813 1.875 1.875z\"><\/path><\/svg><\/i><\/div><a href=\"https:\/\/www.instagram.com\/venidi.at\/\"  rel=\"noreferrer noopener nofollow\" target=\"_blank\"><\/a><\/div><\/div>\n\n\n\n<div style=\"height:100px\" aria-hidden=\"true\" class=\"wp-block-spacer\"><\/div>\n\n\n\n<div class=\"wp-block-cover alignfull\"><span aria-hidden=\"true\" class=\"wp-block-cover__background has-black-background-color has-background-dim-100 has-background-dim\"><\/span><div class=\"wp-block-cover__inner-container is-layout-flow wp-block-cover-is-layout-flow\">\n<div class=\"wp-block-columns is-layout-flex wp-container-core-columns-is-layout-28f84493 wp-block-columns-is-layout-flex\">\n<div class=\"wp-block-column is-vertically-aligned-center is-layout-flow wp-block-column-is-layout-flow\">\n<h2 class=\"wp-block-heading\">Our Bracelet<\/h2>\n\n\n\n<p>Our bracelets have been meticulously crafted by hand with love. Each of our bracelets is a one-of-a-kind piece, as we use genuine hand-cut gemstones in their production. Every gemstone possesses its own unique qualities, which we incorporate into our compositions. <\/p>\n\n\n\n<div class=\"wp-block-buttons is-horizontal is-content-justification-center is-layout-flex wp-container-core-buttons-is-layout-03627597 wp-block-buttons-is-layout-flex\">\n<div class=\"wp-block-button is-style-outline is-style-outline--1\"><a class=\"wp-block-button__link has-white-color has-text-color has-background wp-element-button\" href=\"https:\/\/www.venidi.at\/en\/das-7-chakren-armband\/\" style=\"background-color:#e0ac00\">to product<\/a><\/div>\n<\/div>\n<\/div>\n\n\n\n<div class=\"wp-block-column is-layout-flow wp-block-column-is-layout-flow\">\n<div style=\"height:48px\" aria-hidden=\"true\" class=\"wp-block-spacer\"><\/div>\n\n\n\n<figure class=\"wp-block-image aligncenter size-large is-style-default\"><img loading=\"lazy\" decoding=\"async\" width=\"1024\" height=\"683\" src=\"https:\/\/www.venidi.at\/wp-content\/uploads\/2023\/07\/0B3A2061-1024x683.jpg\" alt=\"\" class=\"wp-image-362\" srcset=\"https:\/\/www.venidi.at\/wp-content\/uploads\/2023\/07\/0B3A2061-1024x683.jpg 1024w, https:\/\/www.venidi.at\/wp-content\/uploads\/2023\/07\/0B3A2061-300x200.jpg 300w, https:\/\/www.venidi.at\/wp-content\/uploads\/2023\/07\/0B3A2061-768x512.jpg 768w, https:\/\/www.venidi.at\/wp-content\/uploads\/2023\/07\/0B3A2061-1536x1025.jpg 1536w, https:\/\/www.venidi.at\/wp-content\/uploads\/2023\/07\/0B3A2061.jpg 1920w\" sizes=\"auto, (max-width: 1024px) 100vw, 1024px\" \/><\/figure>\n<\/div>\n<\/div>\n\n\n\n<div style=\"height:100px\" aria-hidden=\"true\" class=\"wp-block-spacer\"><\/div>\n<\/div><\/div>\n\n\n\n<div class=\"wp-block-group alignfull has-black-color has-white-background-color has-text-color has-background is-layout-flow wp-block-group-is-layout-flow\">\n<div style=\"height:100px\" aria-hidden=\"true\" class=\"wp-block-spacer\"><\/div>\n\n\n\n<div class=\"wp-block-columns is-layout-flex wp-container-core-columns-is-layout-28f84493 wp-block-columns-is-layout-flex\">\n<div class=\"wp-block-column is-layout-flow wp-block-column-is-layout-flow\">\n<figure class=\"wp-block-image aligncenter size-large is-resized is-style-default\"><img loading=\"lazy\" decoding=\"async\" width=\"1024\" height=\"683\" src=\"https:\/\/www.venidi.at\/wp-content\/uploads\/2023\/07\/0B3A2066-1024x683.jpg\" alt=\"\" class=\"wp-image-361\" style=\"width:573px;height:auto\" srcset=\"https:\/\/www.venidi.at\/wp-content\/uploads\/2023\/07\/0B3A2066-1024x683.jpg 1024w, https:\/\/www.venidi.at\/wp-content\/uploads\/2023\/07\/0B3A2066-300x200.jpg 300w, https:\/\/www.venidi.at\/wp-content\/uploads\/2023\/07\/0B3A2066-768x512.jpg 768w, https:\/\/www.venidi.at\/wp-content\/uploads\/2023\/07\/0B3A2066-1536x1025.jpg 1536w, https:\/\/www.venidi.at\/wp-content\/uploads\/2023\/07\/0B3A2066.jpg 1920w\" sizes=\"auto, (max-width: 1024px) 100vw, 1024px\" \/><\/figure>\n\n\n\n<div style=\"height:48px\" aria-hidden=\"true\" class=\"wp-block-spacer\"><\/div>\n<\/div>\n\n\n\n<div class=\"wp-block-column is-vertically-aligned-center is-layout-flow wp-block-column-is-layout-flow\">\n<p class=\"has-black-color has-text-color\">We believe that jewelry is an expression of personality. That's why we want to offer you products that have been designed and crafted by professionals. Each piece of our bracelets is unique, as we use hand-cut natural stones. Our jewelry is characterized by quality craftsmanship, with the aim of enduring forever.<br><\/p>\n\n\n\n<div class=\"wp-block-buttons is-horizontal is-content-justification-center is-layout-flex wp-container-core-buttons-is-layout-03627597 wp-block-buttons-is-layout-flex\">\n<div class=\"wp-block-button is-style-outline is-style-outline--2\"><a class=\"wp-block-button__link has-white-color has-text-color has-background wp-element-button\" href=\"https:\/\/www.venidi.at\/en\/ueber-uns\/\" style=\"background-color:#e0ac00\">about us<\/a><\/div>\n<\/div>\n\n\n\n<h2 class=\"wp-block-heading has-white-color has-text-color\">Jewelry<\/h2>\n<\/div>\n<\/div>\n<\/div>\n\n\n\n<div class=\"wp-block-cover alignfull\"><span aria-hidden=\"true\" class=\"wp-block-cover__background has-black-background-color has-background-dim-100 has-background-dim\"><\/span><div class=\"wp-block-cover__inner-container is-layout-flow wp-block-cover-is-layout-flow\">\n<div style=\"height:100px\" aria-hidden=\"true\" class=\"wp-block-spacer\"><\/div>\n\n\n\n<div class=\"wp-block-columns is-layout-flex wp-container-core-columns-is-layout-28f84493 wp-block-columns-is-layout-flex\">\n<div class=\"wp-block-column is-layout-flow wp-block-column-is-layout-flow\">\n<figure class=\"wp-block-image size-large is-style-default\"><img loading=\"lazy\" decoding=\"async\" width=\"1024\" height=\"694\" src=\"https:\/\/www.venidi.at\/wp-content\/uploads\/2022\/12\/franco-antonio-giovanella-g95sf8-fEQg-unsplash-1-1024x694.jpg\" alt=\"\" class=\"wp-image-176\" srcset=\"https:\/\/www.venidi.at\/wp-content\/uploads\/2022\/12\/franco-antonio-giovanella-g95sf8-fEQg-unsplash-1-1024x694.jpg 1024w, https:\/\/www.venidi.at\/wp-content\/uploads\/2022\/12\/franco-antonio-giovanella-g95sf8-fEQg-unsplash-1-300x203.jpg 300w, https:\/\/www.venidi.at\/wp-content\/uploads\/2022\/12\/franco-antonio-giovanella-g95sf8-fEQg-unsplash-1-768x520.jpg 768w, https:\/\/www.venidi.at\/wp-content\/uploads\/2022\/12\/franco-antonio-giovanella-g95sf8-fEQg-unsplash-1-1536x1040.jpg 1536w, https:\/\/www.venidi.at\/wp-content\/uploads\/2022\/12\/franco-antonio-giovanella-g95sf8-fEQg-unsplash-1-2048x1387.jpg 2048w, https:\/\/www.venidi.at\/wp-content\/uploads\/2022\/12\/franco-antonio-giovanella-g95sf8-fEQg-unsplash-1-2000x1355.jpg 2000w, https:\/\/www.venidi.at\/wp-content\/uploads\/2022\/12\/franco-antonio-giovanella-g95sf8-fEQg-unsplash-1-scaled.jpg 1920w\" sizes=\"auto, (max-width: 1024px) 100vw, 1024px\" \/><\/figure>\n<\/div>\n\n\n\n<div class=\"wp-block-column is-layout-flow wp-block-column-is-layout-flow\">\n<h2 class=\"wp-block-heading\">The mystical properties of natural stones<\/h2>\n\n\n\n<p>Each gemstone possesses its own unique attributes. For instance, Tiger's Eye provides strength, protection, enhances your ambition, intellect, and assists you in becoming more responsible and compassionate. By considering the diverse qualities of gemstones, one can create an ideal composition during the crafting process to achieve a perfect balance.<\/p>\n<\/div>\n<\/div>\n\n\n\n<div style=\"height:100px\" aria-hidden=\"true\" class=\"wp-block-spacer\"><\/div>\n<\/div><\/div>","protected":false},"excerpt":{"rendered":"<p>Schmuck als Ausdruck der Pers\u00f6nlichkeit: tragen wonach Dir ist, Bedeutung die Dir wichtig ist.Gedacht f\u00fcr gro\u00dfe und auch kleine Momente, die Dir und deinen Liebsten den Tag vers\u00fc\u00dfen und ihnen Freude bereiten. Jeder Schritt auf dieser Reise war von Hingabe, Leidenschaft und dem Streben nach Perfektion gepr\u00e4gt. Von der Gestaltung der Armb\u00e4nder bis zur Verpackung &hellip; <\/p>\n<p class=\"link-more\"><a href=\"https:\/\/www.venidi.at\/en\/\" class=\"more-link\">Read more<span class=\"screen-reader-text\"> &#8222;Venidi&#8220;<\/span><\/a><\/p>","protected":false},"author":1,"featured_media":0,"parent":0,"menu_order":0,"comment_status":"closed","ping_status":"closed","template":"","meta":{"ngg_post_thumbnail":0,"inspiro_hide_title":false,"footnotes":""},"class_list":["post-64","page","type-page","status-publish","hentry"],"yoast_head":"<!-- This site is optimized with the Yoast SEO plugin v27.4 - https:\/\/yoast.com\/product\/yoast-seo-wordpress\/ -->\n<title>Venidi - Venidi<\/title>\n<meta name=\"description\" content=\"Schmuck als Ausdruck der Pers\u00f6nlichkeit: tragen wonach Dir ist, Bedeutung die Dir wichtig ist, feiern, bis wann Du willst, behalte deine Erinnerungen f\u00fcr immer. Gedacht f\u00fcr gro\u00dfe und auch kleine Momente, die Dir und deinen Liebsten den Tag vers\u00fc\u00dfen und ihnen Freude bereiten. %\" \/>\n<meta name=\"robots\" content=\"index, follow, max-snippet:-1, max-image-preview:large, max-video-preview:-1\" \/>\n<link rel=\"canonical\" href=\"https:\/\/www.venidi.at\/en\/\" \/>\n<meta property=\"og:locale\" content=\"en_GB\" \/>\n<meta property=\"og:type\" content=\"article\" \/>\n<meta property=\"og:title\" content=\"Venidi - Venidi\" \/>\n<meta property=\"og:description\" content=\"Schmuck als Ausdruck der Pers\u00f6nlichkeit: tragen wonach Dir ist, Bedeutung die Dir wichtig ist, feiern, bis wann Du willst, behalte deine Erinnerungen f\u00fcr immer. Gedacht f\u00fcr gro\u00dfe und auch kleine Momente, die Dir und deinen Liebsten den Tag vers\u00fc\u00dfen und ihnen Freude bereiten. %\" \/>\n<meta property=\"og:url\" content=\"https:\/\/www.venidi.at\/en\/\" \/>\n<meta property=\"og:site_name\" content=\"Venidi\" \/>\n<meta property=\"article:modified_time\" content=\"2024-03-01T05:24:57+00:00\" \/>\n<meta property=\"og:image\" content=\"https:\/\/www.venidi.at\/wp-content\/uploads\/2023\/07\/0B3A2061-1024x683.jpg\" \/>\n<meta name=\"twitter:card\" content=\"summary_large_image\" \/>\n<meta name=\"twitter:label1\" content=\"Estimated reading time\" \/>\n\t<meta name=\"twitter:data1\" content=\"2 minutes\" \/>\n<script type=\"application\/ld+json\" class=\"yoast-schema-graph\">{\"@context\":\"https:\\\/\\\/schema.org\",\"@graph\":[{\"@type\":\"WebPage\",\"@id\":\"https:\\\/\\\/www.venidi.at\\\/\",\"url\":\"https:\\\/\\\/www.venidi.at\\\/\",\"name\":\"Venidi - Venidi\",\"isPartOf\":{\"@id\":\"https:\\\/\\\/www.venidi.at\\\/#website\"},\"primaryImageOfPage\":{\"@id\":\"https:\\\/\\\/www.venidi.at\\\/#primaryimage\"},\"image\":{\"@id\":\"https:\\\/\\\/www.venidi.at\\\/#primaryimage\"},\"thumbnailUrl\":\"https:\\\/\\\/www.venidi.at\\\/wp-content\\\/uploads\\\/2023\\\/07\\\/0B3A2061-1024x683.jpg\",\"datePublished\":\"2022-11-22T11:50:22+00:00\",\"dateModified\":\"2024-03-01T05:24:57+00:00\",\"description\":\"Schmuck als Ausdruck der Pers\u00f6nlichkeit: tragen wonach Dir ist, Bedeutung die Dir wichtig ist, feiern, bis wann Du willst, behalte deine Erinnerungen f\u00fcr immer. Gedacht f\u00fcr gro\u00dfe und auch kleine Momente, die Dir und deinen Liebsten den Tag vers\u00fc\u00dfen und ihnen Freude bereiten. %\",\"breadcrumb\":{\"@id\":\"https:\\\/\\\/www.venidi.at\\\/#breadcrumb\"},\"inLanguage\":\"en-GB\",\"potentialAction\":[{\"@type\":\"ReadAction\",\"target\":[\"https:\\\/\\\/www.venidi.at\\\/\"]}]},{\"@type\":\"ImageObject\",\"inLanguage\":\"en-GB\",\"@id\":\"https:\\\/\\\/www.venidi.at\\\/#primaryimage\",\"url\":\"https:\\\/\\\/www.venidi.at\\\/wp-content\\\/uploads\\\/2023\\\/07\\\/0B3A2061-1024x683.jpg\",\"contentUrl\":\"https:\\\/\\\/www.venidi.at\\\/wp-content\\\/uploads\\\/2023\\\/07\\\/0B3A2061-1024x683.jpg\"},{\"@type\":\"BreadcrumbList\",\"@id\":\"https:\\\/\\\/www.venidi.at\\\/#breadcrumb\",\"itemListElement\":[{\"@type\":\"ListItem\",\"position\":1,\"name\":\"Startseite\",\"item\":\"https:\\\/\\\/www.venidi.at\\\/\"},{\"@type\":\"ListItem\",\"position\":2,\"name\":\"Venidi\"}]},{\"@type\":\"WebSite\",\"@id\":\"https:\\\/\\\/www.venidi.at\\\/#website\",\"url\":\"https:\\\/\\\/www.venidi.at\\\/\",\"name\":\"Venidi\",\"description\":\"crafted with passion\",\"publisher\":{\"@id\":\"https:\\\/\\\/www.venidi.at\\\/#organization\"},\"potentialAction\":[{\"@type\":\"SearchAction\",\"target\":{\"@type\":\"EntryPoint\",\"urlTemplate\":\"https:\\\/\\\/www.venidi.at\\\/?s={search_term_string}\"},\"query-input\":{\"@type\":\"PropertyValueSpecification\",\"valueRequired\":true,\"valueName\":\"search_term_string\"}}],\"inLanguage\":\"en-GB\"},{\"@type\":\"Organization\",\"@id\":\"https:\\\/\\\/www.venidi.at\\\/#organization\",\"name\":\"Venidi\",\"url\":\"https:\\\/\\\/www.venidi.at\\\/\",\"logo\":{\"@type\":\"ImageObject\",\"inLanguage\":\"en-GB\",\"@id\":\"https:\\\/\\\/www.venidi.at\\\/#\\\/schema\\\/logo\\\/image\\\/\",\"url\":\"https:\\\/\\\/www.venidi.at\\\/wp-content\\\/uploads\\\/2022\\\/12\\\/cropped-cropped-venidifferent-gold-1-3-1.png\",\"contentUrl\":\"https:\\\/\\\/www.venidi.at\\\/wp-content\\\/uploads\\\/2022\\\/12\\\/cropped-cropped-venidifferent-gold-1-3-1.png\",\"width\":1080,\"height\":787,\"caption\":\"Venidi\"},\"image\":{\"@id\":\"https:\\\/\\\/www.venidi.at\\\/#\\\/schema\\\/logo\\\/image\\\/\"}}]}<\/script>\n<!-- \/ Yoast SEO plugin. -->","yoast_head_json":{"title":"Venidi - Venidi","description":"Schmuck als Ausdruck der Pers\u00f6nlichkeit: tragen wonach Dir ist, Bedeutung die Dir wichtig ist, feiern, bis wann Du willst, behalte deine Erinnerungen f\u00fcr immer. Gedacht f\u00fcr gro\u00dfe und auch kleine Momente, die Dir und deinen Liebsten den Tag vers\u00fc\u00dfen und ihnen Freude bereiten. %","robots":{"index":"index","follow":"follow","max-snippet":"max-snippet:-1","max-image-preview":"max-image-preview:large","max-video-preview":"max-video-preview:-1"},"canonical":"https:\/\/www.venidi.at\/en\/","og_locale":"en_GB","og_type":"article","og_title":"Venidi - Venidi","og_description":"Schmuck als Ausdruck der Pers\u00f6nlichkeit: tragen wonach Dir ist, Bedeutung die Dir wichtig ist, feiern, bis wann Du willst, behalte deine Erinnerungen f\u00fcr immer. Gedacht f\u00fcr gro\u00dfe und auch kleine Momente, die Dir und deinen Liebsten den Tag vers\u00fc\u00dfen und ihnen Freude bereiten. %","og_url":"https:\/\/www.venidi.at\/en\/","og_site_name":"Venidi","article_modified_time":"2024-03-01T05:24:57+00:00","og_image":[{"url":"https:\/\/www.venidi.at\/wp-content\/uploads\/2023\/07\/0B3A2061-1024x683.jpg","type":"","width":"","height":""}],"twitter_card":"summary_large_image","twitter_misc":{"Estimated reading time":"2 minutes"},"schema":{"@context":"https:\/\/schema.org","@graph":[{"@type":"WebPage","@id":"https:\/\/www.venidi.at\/","url":"https:\/\/www.venidi.at\/","name":"Venidi - Venidi","isPartOf":{"@id":"https:\/\/www.venidi.at\/#website"},"primaryImageOfPage":{"@id":"https:\/\/www.venidi.at\/#primaryimage"},"image":{"@id":"https:\/\/www.venidi.at\/#primaryimage"},"thumbnailUrl":"https:\/\/www.venidi.at\/wp-content\/uploads\/2023\/07\/0B3A2061-1024x683.jpg","datePublished":"2022-11-22T11:50:22+00:00","dateModified":"2024-03-01T05:24:57+00:00","description":"Schmuck als Ausdruck der Pers\u00f6nlichkeit: tragen wonach Dir ist, Bedeutung die Dir wichtig ist, feiern, bis wann Du willst, behalte deine Erinnerungen f\u00fcr immer. Gedacht f\u00fcr gro\u00dfe und auch kleine Momente, die Dir und deinen Liebsten den Tag vers\u00fc\u00dfen und ihnen Freude bereiten. %","breadcrumb":{"@id":"https:\/\/www.venidi.at\/#breadcrumb"},"inLanguage":"en-GB","potentialAction":[{"@type":"ReadAction","target":["https:\/\/www.venidi.at\/"]}]},{"@type":"ImageObject","inLanguage":"en-GB","@id":"https:\/\/www.venidi.at\/#primaryimage","url":"https:\/\/www.venidi.at\/wp-content\/uploads\/2023\/07\/0B3A2061-1024x683.jpg","contentUrl":"https:\/\/www.venidi.at\/wp-content\/uploads\/2023\/07\/0B3A2061-1024x683.jpg"},{"@type":"BreadcrumbList","@id":"https:\/\/www.venidi.at\/#breadcrumb","itemListElement":[{"@type":"ListItem","position":1,"name":"Startseite","item":"https:\/\/www.venidi.at\/"},{"@type":"ListItem","position":2,"name":"Venidi"}]},{"@type":"WebSite","@id":"https:\/\/www.venidi.at\/#website","url":"https:\/\/www.venidi.at\/","name":"Venidi","description":"crafted with passion","publisher":{"@id":"https:\/\/www.venidi.at\/#organization"},"potentialAction":[{"@type":"SearchAction","target":{"@type":"EntryPoint","urlTemplate":"https:\/\/www.venidi.at\/?s={search_term_string}"},"query-input":{"@type":"PropertyValueSpecification","valueRequired":true,"valueName":"search_term_string"}}],"inLanguage":"en-GB"},{"@type":"Organization","@id":"https:\/\/www.venidi.at\/#organization","name":"Venidi","url":"https:\/\/www.venidi.at\/","logo":{"@type":"ImageObject","inLanguage":"en-GB","@id":"https:\/\/www.venidi.at\/#\/schema\/logo\/image\/","url":"https:\/\/www.venidi.at\/wp-content\/uploads\/2022\/12\/cropped-cropped-venidifferent-gold-1-3-1.png","contentUrl":"https:\/\/www.venidi.at\/wp-content\/uploads\/2022\/12\/cropped-cropped-venidifferent-gold-1-3-1.png","width":1080,"height":787,"caption":"Venidi"},"image":{"@id":"https:\/\/www.venidi.at\/#\/schema\/logo\/image\/"}}]}},"_links":{"self":[{"href":"https:\/\/www.venidi.at\/en\/wp-json\/wp\/v2\/pages\/64","targetHints":{"allow":["GET"]}}],"collection":[{"href":"https:\/\/www.venidi.at\/en\/wp-json\/wp\/v2\/pages"}],"about":[{"href":"https:\/\/www.venidi.at\/en\/wp-json\/wp\/v2\/types\/page"}],"author":[{"embeddable":true,"href":"https:\/\/www.venidi.at\/en\/wp-json\/wp\/v2\/users\/1"}],"replies":[{"embeddable":true,"href":"https:\/\/www.venidi.at\/en\/wp-json\/wp\/v2\/comments?post=64"}],"version-history":[{"count":70,"href":"https:\/\/www.venidi.at\/en\/wp-json\/wp\/v2\/pages\/64\/revisions"}],"predecessor-version":[{"id":504,"href":"https:\/\/www.venidi.at\/en\/wp-json\/wp\/v2\/pages\/64\/revisions\/504"}],"wp:attachment":[{"href":"https:\/\/www.venidi.at\/en\/wp-json\/wp\/v2\/media?parent=64"}],"curies":[{"name":"wp","href":"https:\/\/api.w.org\/{rel}","templated":true}]}}